{"id":12409,"date":"2025-06-04T13:09:08","date_gmt":"2025-06-04T13:09:08","guid":{"rendered":"https:\/\/birgulklinik.com\/doktorlarimiz\/"},"modified":"2026-05-15T15:54:04","modified_gmt":"2026-05-15T15:54:04","slug":"doktorlarimiz","status":"publish","type":"page","link":"https:\/\/birgulklinik.com\/tr\/doktorlarimiz\/","title":{"rendered":"Doktorlar\u0131m\u0131z"},"content":{"rendered":"\t\t<div data-elementor-type=\"wp-page\" data-elementor-id=\"12409\" class=\"elementor elementor-12409 elementor-3765\">\n\t\t\t\t<div class=\"elementor-element elementor-element-8e3585c e-con-full e-flex sc_layouts_column_icons_position_left e-con e-parent\" data-id=\"8e3585c\" data-element_type=\"container\">\n\t\t<div class=\"e-con-gap-no elementor-element elementor-element-b506418 e-con-full e-flex sc_layouts_column_icons_position_left animation_type_block elementor-invisible e-con e-child\" data-animation-type=\"block\" data-id=\"b506418\" data-element_type=\"container\" data-settings=\"{&quot;animation&quot;:&quot;ta_fadeinup&quot;,&quot;background_background&quot;:&quot;classic&quot;}\">\n\t\t\t\t<\/div>\n\t\t<div data-animation-type=\"block\" class=\"elementor-element elementor-element-fc3d6d8 e-con-full e-flex sc_layouts_column_icons_position_left animation_type_block elementor-invisible e-con e-child\" data-id=\"fc3d6d8\" data-element_type=\"container\" data-settings=\"{&quot;animation&quot;:&quot;ta_fadeinup&quot;,&quot;animation_delay&quot;:200}\">\n\t\t\t\t<div class=\"elementor-element elementor-element-d683cd3 sc_fly_static elementor-widget elementor-widget-heading\" data-id=\"d683cd3\" data-element_type=\"widget\" data-widget_type=\"heading.default\">\n\t\t\t\t<div class=\"elementor-widget-container\">\n\t\t\t\t\t<h6 class=\"elementor-heading-title elementor-size-default\">G\u00fcl\u00fc\u015f\u00fcn\u00fcz, Uzmanl\u0131\u011f\u0131m\u0131z<\/h6>\t\t\t\t<\/div>\n\t\t\t\t<\/div>\n\t\t\t\t<div class=\"elementor-element elementor-element-94628b7 elementor-widget__width-initial sc_fly_static elementor-widget elementor-widget-heading\" data-id=\"94628b7\" data-element_type=\"widget\" data-widget_type=\"heading.default\">\n\t\t\t\t<div class=\"elementor-widget-container\">\n\t\t\t\t\t<h2 class=\"elementor-heading-title elementor-size-default\">Uzman Bak\u0131m,<br>Hassas Sonu\u00e7lar\n<\/h2>\t\t\t\t<\/div>\n\t\t\t\t<\/div>\n\t\t\t\t<div class=\"elementor-element elementor-element-0be1489 elementor-widget__width-initial sc_fly_static elementor-widget elementor-widget-text-editor\" data-id=\"0be1489\" data-element_type=\"widget\" data-widget_type=\"text-editor.default\">\n\t\t\t\t<div class=\"elementor-widget-container\">\n\t\t\t\t\t\t\t\t\t<p>Birgul Klinik\u2019te doktorlar\u0131m\u0131z T\u00fcrkiye\u2019de <strong><a href=\"https:\/\/www.who.int\" target=\"_blank\" rel=\"noopener\">d\u00fcnya standartlar\u0131nda di\u015f bak\u0131m\u0131<\/a><\/strong> sunar. Y\u0131llar\u0131n uzmanl\u0131\u011f\u0131 ve i\u00e7ten yakla\u015f\u0131m\u0131yla ekibimiz her g\u00fcl\u00fc\u015f\u00fc \u00f6zenle ve hassasiyetle ele al\u0131r.<\/p>\t\t\t\t\t\t\t\t<\/div>\n\t\t\t\t<\/div>\n\t\t\t\t<div class=\"elementor-element elementor-element-018a7f3 sc_fly_static elementor-widget elementor-widget-button\" data-id=\"018a7f3\" data-element_type=\"widget\" data-widget_type=\"button.default\">\n\t\t\t\t<div class=\"elementor-widget-container\">\n\t\t\t\t\t\t\t\t\t<div class=\"elementor-button-wrapper\">\n\t\t\t\t\t<a class=\"elementor-button elementor-button-link elementor-size-sm\" href=\"https:\/\/birgulklinik.com\/tr\/hakkimizda\/\">\n\t\t\t\t\t\t<span class=\"elementor-button-content-wrapper\">\n\t\t\t\t\t\t\t\t\t<span class=\"elementor-button-text\">Hakk\u0131m\u0131zda<\/span>\n\t\t\t\t\t<\/span>\n\t\t\t\t\t<\/a>\n\t\t\t\t<\/div>\n\t\t\t\t\t\t\t\t<\/div>\n\t\t\t\t<\/div>\n\t\t\t\t<\/div>\n\t\t\t\t<\/div>\n\t\t<div class=\"elementor-element elementor-element-415f243 e-flex e-con-boxed sc_layouts_column_icons_position_left e-con e-parent\" data-id=\"415f243\" data-element_type=\"container\">\n\t\t\t\t\t<div class=\"e-con-inner\">\n\t\t<div class=\"elementor-element elementor-element-b3f9190 e-con-full e-flex sc_layouts_column_icons_position_left e-con e-child\" data-id=\"b3f9190\" data-element_type=\"container\">\n\t\t\t\t<div data-animation-type=\"line\" data-animation-stagger=\"80\" class=\"elementor-element elementor-element-f5c8060 animation_type_line sc_fly_static elementor-invisible elementor-widget elementor-widget-trx_elm_advanced_title\" data-id=\"f5c8060\" data-element_type=\"widget\" data-settings=\"{&quot;_animation&quot;:&quot;ta_fadeinup&quot;}\" data-widget_type=\"trx_elm_advanced_title.default\">\n\t\t\t\t<div class=\"elementor-widget-container\">\n\t\t\t\t\t<h2 class=\"trx-addons-advanced-title\" >\n<span class=\"trx-addons-advanced-title-item trx-addons-advanced-title-item-text elementor-repeater-item-f12f233\">Uzman ve \u00f6zverili di\u015f ekibimizle tan\u0131\u015f\u0131n,<\/span>\n<span class=\"trx-addons-advanced-title-item trx-addons-advanced-title-item-text elementor-repeater-item-8818021\">g\u00fcl\u00fc\u015f\u00fcn\u00fcz ve sa\u011fl\u0131\u011f\u0131n\u0131z i\u00e7in<\/span>\n<span class=\"trx-addons-advanced-title-item trx-addons-advanced-title-item-text elementor-repeater-item-8ba7c36\">uzmanl\u0131k ve \u015fefkatle \u00e7al\u0131\u015f\u0131yoruz.<\/span><\/h2>\t\t\t\t<\/div>\n\t\t\t\t<\/div>\n\t\t\t\t<\/div>\n\t\t<div class=\"elementor-element elementor-element-7426786 e-con-full e-flex sc_layouts_column_icons_position_left e-con e-child\" data-id=\"7426786\" data-element_type=\"container\">\n\t\t\t\t<div data-animation-type=\"block\" class=\"elementor-element elementor-element-591dd7b animation_type_block sc_fly_static elementor-invisible elementor-widget elementor-widget-text-editor\" data-id=\"591dd7b\" data-element_type=\"widget\" data-settings=\"{&quot;_animation_delay&quot;:100,&quot;_animation&quot;:&quot;ta_fadeinup&quot;}\" data-widget_type=\"text-editor.default\">\n\t\t\t\t<div class=\"elementor-widget-container\">\n\t\t\t\t\t\t\t\t\t<p>Birgul Klinik\u2019te doktorlar\u0131m\u0131z, \u0130stanbul, T\u00fcrkiye\u2019de implant, <a href=\"https:\/\/www.aaoinfo.org\/\" target=\"_blank\" rel=\"noopener\">ortodonti<\/a> ve estetik di\u015f hekimli\u011fi alanlar\u0131nda y\u0131llara dayanan deneyime sahiptir. Her tedavi plan\u0131n\u0131 size \u00f6zel olarak haz\u0131rlar\u0131z \u2014 hassas, nazik ve uzun \u00f6m\u00fcrl\u00fc sonu\u00e7lar i\u00e7in tasarlanm\u0131\u015f \u015fekilde. <\/p>\t\t\t\t\t\t\t\t<\/div>\n\t\t\t\t<\/div>\n\t\t\t\t<\/div>\n\t\t<div class=\"elementor-element elementor-element-771d32e e-grid e-con-full sc_layouts_column_icons_position_left e-con e-child\" data-id=\"771d32e\" data-element_type=\"container\">\n\t\t\t\t<div data-animation-type=\"block\" class=\"elementor-element elementor-element-472bf1d with-elementor-animation-trx_hover_zoom trx-addons-tm-image-top animation_type_block sc_fly_static elementor-invisible elementor-widget elementor-widget-trx_elm_team_member\" data-id=\"472bf1d\" data-element_type=\"widget\" data-settings=\"{&quot;_animation_delay&quot;:200,&quot;_animation&quot;:&quot;ta_fadeinup&quot;,&quot;member_image_position&quot;:&quot;top&quot;}\" data-widget_type=\"trx_elm_team_member.default\">\n\t\t\t\t<div class=\"elementor-widget-container\">\n\t\t\t\t\t\t\t<div class=\"trx-addons-tm-wrapper\">\n\t\t\t<div class=\"trx-addons-tm\">\n\t\t\t\t<div class=\"trx-addons-tm-image\"> \n\t\t\t\t\t\t\t\t\t<a href=\"https:\/\/birgulklinik.com\/tr\/dr-ahmet-mehmetoglu-hakkinda\/\"><img fetchpriority=\"high\" decoding=\"async\" width=\"400\" height=\"500\" src=\"https:\/\/birgulklinik.com\/wp-content\/uploads\/2025\/09\/doctor_resized_enhanced.jpg\" class=\"elementor-animation-trx_hover_zoom attachment-full size-full wp-image-7057\" alt=\"Our Doctors at Birgul Klinik - Cosmetic Dentist Ahmet mehmeto\u011flu\" srcset=\"https:\/\/birgulklinik.com\/wp-content\/uploads\/2025\/09\/doctor_resized_enhanced.jpg 400w, https:\/\/birgulklinik.com\/wp-content\/uploads\/2025\/09\/doctor_resized_enhanced-240x300.jpg 240w, https:\/\/birgulklinik.com\/wp-content\/uploads\/2025\/09\/doctor_resized_enhanced-370x463.jpg 370w\" sizes=\"(max-width: 767px) 100vw, 400px\" \/><\/a>\n\t\t\t\t\n\t\t\t\t\t\t\t\t\t<\/div>\n\t\t\t\t<div class=\"trx-addons-tm-content\">\n\t\t\t\t\t\t\t\t\t<h6 class=\"trx-addons-tm-name\">\n\t\t\t\t\t\tAhmet Mehmeto\u011flu\t\t\t\t<\/h6>\n\t\t\t\t\t\t\t<p class=\"trx-addons-tm-position\">\n\t\t\t\tEstetik ve Restoratif Di\u015f Hekimi\t\t\t<\/p>\n\t\t\t\t\t\t\t<div class=\"trx-addons-tm-description\">\n\t\t\t\t\t<p>Geli\u015fmi\u015f estetik ve restoratif di\u015f tedavileriyle do\u011fal g\u00fcl\u00fc\u015fler tasarlar.<\/p>\t\t\t\t<\/div>\n\t\t\t\t\t\t\t\t\t\t<\/div>\n\t\t\t<\/div>\n\t\t<\/div>\n\t\t\t\t\t\t<\/div>\n\t\t\t\t<\/div>\n\t\t\t\t<div data-animation-type=\"block\" class=\"elementor-element elementor-element-2d6d73b with-elementor-animation-trx_hover_zoom trx-addons-tm-image-top animation_type_block sc_fly_static elementor-invisible elementor-widget elementor-widget-trx_elm_team_member\" data-id=\"2d6d73b\" data-element_type=\"widget\" data-settings=\"{&quot;_animation_delay&quot;:200,&quot;_animation&quot;:&quot;ta_fadeinup&quot;,&quot;member_image_position&quot;:&quot;top&quot;}\" data-widget_type=\"trx_elm_team_member.default\">\n\t\t\t\t<div class=\"elementor-widget-container\">\n\t\t\t\t\t\t\t<div class=\"trx-addons-tm-wrapper\">\n\t\t\t<div class=\"trx-addons-tm\">\n\t\t\t\t<div class=\"trx-addons-tm-image\"> \n\t\t\t\t\t\t\t\t\t<a href=\"https:\/\/birgulklinik.com\/dentist-in-istanbul-dr-arda-ozgon\/\"><img decoding=\"async\" width=\"300\" height=\"400\" src=\"https:\/\/birgulklinik.com\/wp-content\/uploads\/2026\/05\/413917d065276f8e4864141bbd51549b_1750823671.webp\" class=\"elementor-animation-trx_hover_zoom attachment-full size-full wp-image-12165\" alt=\"\" srcset=\"https:\/\/birgulklinik.com\/wp-content\/uploads\/2026\/05\/413917d065276f8e4864141bbd51549b_1750823671.webp 300w, https:\/\/birgulklinik.com\/wp-content\/uploads\/2026\/05\/413917d065276f8e4864141bbd51549b_1750823671-225x300.webp 225w\" sizes=\"(max-width: 300px) 100vw, 300px\" \/><\/a>\n\t\t\t\t\n\t\t\t\t\t\t\t\t\t<\/div>\n\t\t\t\t<div class=\"trx-addons-tm-content\">\n\t\t\t\t\t\t\t\t\t<h6 class=\"trx-addons-tm-name\">\n\t\t\t\t\t\tEyad Zekio\u011flu\t\t\t\t<\/h6>\n\t\t\t\t\t\t\t<p class=\"trx-addons-tm-position\">\n\t\t\t\tA\u011f\u0131z, Di\u015f ve \u00c7ene Cerrah\u0131 \u00b7 \u0130mplantoloji Uzman\u0131\t\t\t<\/p>\n\t\t\t\t\t\t\t<div class=\"trx-addons-tm-description\">\n\t\t\t\t\t<p>A\u011f\u0131z cerrahisi ve implant tedavilerinde uzman; kal\u0131c\u0131 sonu\u00e7lara odaklan\u0131r.<\/p>\t\t\t\t<\/div>\n\t\t\t\t\t\t\t\t\t\t<\/div>\n\t\t\t<\/div>\n\t\t<\/div>\n\t\t\t\t\t\t<\/div>\n\t\t\t\t<\/div>\n\t\t\t\t<\/div>\n\t\t\t\t\t<\/div>\n\t\t\t\t<\/div>\n\t\t<div class=\"elementor-element elementor-element-85a3c2e e-con-full e-flex sc_layouts_column_icons_position_left e-con e-parent\" data-id=\"85a3c2e\" data-element_type=\"container\" data-settings=\"{&quot;background_background&quot;:&quot;classic&quot;}\">\n\t\t<div class=\"elementor-element elementor-element-734986f e-con-full e-flex sc_layouts_column_icons_position_left e-con e-child\" data-id=\"734986f\" data-element_type=\"container\">\n\t\t<div class=\"elementor-element elementor-element-aac4b2b e-con-full e-flex sc_layouts_column_icons_position_left e-con e-child\" data-id=\"aac4b2b\" data-element_type=\"container\">\n\t\t\t\t<div data-animation-type=\"block\" class=\"elementor-element elementor-element-5a52945 elementor-widget__width-initial animation_type_block sc_fly_static elementor-invisible elementor-widget elementor-widget-heading\" data-id=\"5a52945\" data-element_type=\"widget\" data-settings=\"{&quot;_animation&quot;:&quot;ta_fadeinup&quot;}\" data-widget_type=\"heading.default\">\n\t\t\t\t<div class=\"elementor-widget-container\">\n\t\t\t\t\t<h2 class=\"elementor-heading-title elementor-size-default\">Modern Di\u015f Hekimli\u011fi<br>\u015eefkatli Bak\u0131m\n<\/h2>\t\t\t\t<\/div>\n\t\t\t\t<\/div>\n\t\t\t\t<\/div>\n\t\t<div class=\"elementor-element elementor-element-6ab1d2d e-con-full e-flex sc_layouts_column_icons_position_left e-con e-child\" data-id=\"6ab1d2d\" data-element_type=\"container\">\n\t\t\t\t<div data-animation-type=\"block\" class=\"elementor-element elementor-element-5842193 animation_type_block sc_fly_static elementor-invisible elementor-widget elementor-widget-button\" data-id=\"5842193\" data-element_type=\"widget\" data-settings=\"{&quot;_animation&quot;:&quot;ta_fadeinup&quot;,&quot;_animation_delay&quot;:100}\" data-widget_type=\"button.default\">\n\t\t\t\t<div class=\"elementor-widget-container\">\n\t\t\t\t\t\t\t\t\t<div class=\"elementor-button-wrapper\">\n\t\t\t\t\t<a class=\"elementor-button elementor-button-link elementor-size-sm\" href=\"https:\/\/birgulklinik.com\/tr\/iletisim\/\">\n\t\t\t\t\t\t<span class=\"elementor-button-content-wrapper\">\n\t\t\t\t\t\t\t\t\t<span class=\"elementor-button-text\">Tedavinize Ba\u015flay\u0131n<\/span>\n\t\t\t\t\t<\/span>\n\t\t\t\t\t<\/a>\n\t\t\t\t<\/div>\n\t\t\t\t\t\t\t\t<\/div>\n\t\t\t\t<\/div>\n\t\t\t\t<\/div>\n\t\t\t\t<\/div>\n\t\t\t\t<\/div>\n\t\t\t\t<\/div>\n\t\t","protected":false},"excerpt":{"rendered":"<p>G\u00fcl\u00fc\u015f\u00fcn\u00fcz, Uzmanl\u0131\u011f\u0131m\u0131z Uzman Bak\u0131m,Hassas Sonu\u00e7lar Birgul Klinik\u2019te&hellip;<\/p>\n","protected":false},"author":1,"featured_media":0,"parent":0,"menu_order":0,"comment_status":"closed","ping_status":"closed","template":"","meta":{"om_disable_all_campaigns":false,"_monsterinsights_skip_tracking":false,"_monsterinsights_sitenote_active":false,"_monsterinsights_sitenote_note":"","_monsterinsights_sitenote_category":0,"footnotes":""},"class_list":["post-12409","page","type-page","status-publish","hentry"],"yoast_head":"<!-- This site is optimized with the Yoast SEO plugin v25.9 - https:\/\/yoast.com\/wordpress\/plugins\/seo\/ -->\n<title>Birgul Klinik Doktorlar\u0131 | T\u00fcrkiye\u2019de Uzman Di\u015f Hekimleri<\/title>\n<meta name=\"description\" content=\"\u0130stanbul\u2019da Birgul Klinik doktorlar\u0131; implant, ortodonti ve estetik di\u015f hekimli\u011fi alanlar\u0131nda uzman, hassas ve uzun \u00f6m\u00fcrl\u00fc sonu\u00e7lara odaklanan bak\u0131m sunar.\" \/>\n<meta name=\"robots\" content=\"index, follow, max-snippet:-1, max-image-preview:large, max-video-preview:-1\" \/>\n<link rel=\"canonical\" href=\"https:\/\/birgulklinik.com\/tr\/doktorlarimiz\/\" \/>\n<meta property=\"og:locale\" content=\"tr_TR\" \/>\n<meta property=\"og:type\" content=\"article\" \/>\n<meta property=\"og:title\" content=\"Birgul Klinik Doktorlar\u0131 | T\u00fcrkiye\u2019de Uzman Di\u015f Hekimleri\" \/>\n<meta property=\"og:description\" content=\"\u0130stanbul\u2019da Birgul Klinik doktorlar\u0131; implant, ortodonti ve estetik di\u015f hekimli\u011fi alanlar\u0131nda uzman, hassas ve uzun \u00f6m\u00fcrl\u00fc sonu\u00e7lara odaklanan bak\u0131m sunar.\" \/>\n<meta property=\"og:url\" content=\"https:\/\/birgulklinik.com\/tr\/doktorlarimiz\/\" \/>\n<meta property=\"og:site_name\" content=\"Birgul Klinik\" \/>\n<meta property=\"article:modified_time\" content=\"2026-05-15T15:54:04+00:00\" \/>\n<meta property=\"og:image\" content=\"https:\/\/birgulklinik.com\/wp-content\/uploads\/2025\/09\/doctor_resized_enhanced.jpg\" \/>\n\t<meta property=\"og:image:width\" content=\"400\" \/>\n\t<meta property=\"og:image:height\" content=\"500\" \/>\n\t<meta property=\"og:image:type\" content=\"image\/jpeg\" \/>\n<meta name=\"twitter:card\" content=\"summary_large_image\" \/>\n<meta name=\"twitter:label1\" content=\"Tahmini okuma s\u00fcresi\" \/>\n\t<meta name=\"twitter:data1\" content=\"1 dakika\" \/>\n<script type=\"application\/ld+json\" class=\"yoast-schema-graph\">{\"@context\":\"https:\/\/schema.org\",\"@graph\":[{\"@type\":\"WebPage\",\"@id\":\"https:\/\/birgulklinik.com\/tr\/doktorlarimiz\/\",\"url\":\"https:\/\/birgulklinik.com\/tr\/doktorlarimiz\/\",\"name\":\"Birgul Klinik Doktorlar\u0131 | T\u00fcrkiye\u2019de Uzman Di\u015f Hekimleri\",\"isPartOf\":{\"@id\":\"https:\/\/birgulklinik.com\/tr\/#website\"},\"primaryImageOfPage\":{\"@id\":\"https:\/\/birgulklinik.com\/tr\/doktorlarimiz\/#primaryimage\"},\"image\":{\"@id\":\"https:\/\/birgulklinik.com\/tr\/doktorlarimiz\/#primaryimage\"},\"thumbnailUrl\":\"https:\/\/birgulklinik.com\/wp-content\/uploads\/2025\/09\/doctor_resized_enhanced.jpg\",\"datePublished\":\"2025-06-04T13:09:08+00:00\",\"dateModified\":\"2026-05-15T15:54:04+00:00\",\"description\":\"\u0130stanbul\u2019da Birgul Klinik doktorlar\u0131; implant, ortodonti ve estetik di\u015f hekimli\u011fi alanlar\u0131nda uzman, hassas ve uzun \u00f6m\u00fcrl\u00fc sonu\u00e7lara odaklanan bak\u0131m sunar.\",\"breadcrumb\":{\"@id\":\"https:\/\/birgulklinik.com\/tr\/doktorlarimiz\/#breadcrumb\"},\"inLanguage\":\"tr\",\"potentialAction\":[{\"@type\":\"ReadAction\",\"target\":[\"https:\/\/birgulklinik.com\/tr\/doktorlarimiz\/\"]}]},{\"@type\":\"ImageObject\",\"inLanguage\":\"tr\",\"@id\":\"https:\/\/birgulklinik.com\/tr\/doktorlarimiz\/#primaryimage\",\"url\":\"https:\/\/birgulklinik.com\/wp-content\/uploads\/2025\/09\/doctor_resized_enhanced.jpg\",\"contentUrl\":\"https:\/\/birgulklinik.com\/wp-content\/uploads\/2025\/09\/doctor_resized_enhanced.jpg\"},{\"@type\":\"BreadcrumbList\",\"@id\":\"https:\/\/birgulklinik.com\/tr\/doktorlarimiz\/#breadcrumb\",\"itemListElement\":[{\"@type\":\"ListItem\",\"position\":1,\"name\":\"Home\",\"item\":\"https:\/\/birgulklinik.com\/tr\/birgul-dis-klinigi-istanbulda-dis-hekimi\/\"},{\"@type\":\"ListItem\",\"position\":2,\"name\":\"Doktorlar\u0131m\u0131z\"}]},{\"@type\":\"WebSite\",\"@id\":\"https:\/\/birgulklinik.com\/tr\/#website\",\"url\":\"https:\/\/birgulklinik.com\/tr\/\",\"name\":\"Birgul Klinik\",\"description\":\"Expert Dental Care, Hair Transplant &amp; Aesthetic Treatments in Turkey\",\"publisher\":{\"@id\":\"https:\/\/birgulklinik.com\/tr\/#organization\"},\"potentialAction\":[{\"@type\":\"SearchAction\",\"target\":{\"@type\":\"EntryPoint\",\"urlTemplate\":\"https:\/\/birgulklinik.com\/tr\/?s={search_term_string}\"},\"query-input\":{\"@type\":\"PropertyValueSpecification\",\"valueRequired\":true,\"valueName\":\"search_term_string\"}}],\"inLanguage\":\"tr\"},{\"@type\":\"Organization\",\"@id\":\"https:\/\/birgulklinik.com\/tr\/#organization\",\"name\":\"Birgul Klinik\",\"url\":\"https:\/\/birgulklinik.com\/tr\/\",\"logo\":{\"@type\":\"ImageObject\",\"inLanguage\":\"tr\",\"@id\":\"https:\/\/birgulklinik.com\/tr\/#\/schema\/logo\/image\/\",\"url\":\"https:\/\/birgulklinik.com\/wp-content\/uploads\/2026\/01\/cropped-photo_2025-09-18_16-57-40-removebg-preview-1-3.png\",\"contentUrl\":\"https:\/\/birgulklinik.com\/wp-content\/uploads\/2026\/01\/cropped-photo_2025-09-18_16-57-40-removebg-preview-1-3.png\",\"width\":771,\"height\":324,\"caption\":\"Birgul Klinik\"},\"image\":{\"@id\":\"https:\/\/birgulklinik.com\/tr\/#\/schema\/logo\/image\/\"}}]}<\/script>\n<!-- \/ Yoast SEO plugin. -->","yoast_head_json":{"title":"Birgul Klinik Doktorlar\u0131 | T\u00fcrkiye\u2019de Uzman Di\u015f Hekimleri","description":"\u0130stanbul\u2019da Birgul Klinik doktorlar\u0131; implant, ortodonti ve estetik di\u015f hekimli\u011fi alanlar\u0131nda uzman, hassas ve uzun \u00f6m\u00fcrl\u00fc sonu\u00e7lara odaklanan bak\u0131m sunar.","robots":{"index":"index","follow":"follow","max-snippet":"max-snippet:-1","max-image-preview":"max-image-preview:large","max-video-preview":"max-video-preview:-1"},"canonical":"https:\/\/birgulklinik.com\/tr\/doktorlarimiz\/","og_locale":"tr_TR","og_type":"article","og_title":"Birgul Klinik Doktorlar\u0131 | T\u00fcrkiye\u2019de Uzman Di\u015f Hekimleri","og_description":"\u0130stanbul\u2019da Birgul Klinik doktorlar\u0131; implant, ortodonti ve estetik di\u015f hekimli\u011fi alanlar\u0131nda uzman, hassas ve uzun \u00f6m\u00fcrl\u00fc sonu\u00e7lara odaklanan bak\u0131m sunar.","og_url":"https:\/\/birgulklinik.com\/tr\/doktorlarimiz\/","og_site_name":"Birgul Klinik","article_modified_time":"2026-05-15T15:54:04+00:00","og_image":[{"width":400,"height":500,"url":"https:\/\/birgulklinik.com\/wp-content\/uploads\/2025\/09\/doctor_resized_enhanced.jpg","type":"image\/jpeg"}],"twitter_card":"summary_large_image","twitter_misc":{"Tahmini okuma s\u00fcresi":"1 dakika"},"schema":{"@context":"https:\/\/schema.org","@graph":[{"@type":"WebPage","@id":"https:\/\/birgulklinik.com\/tr\/doktorlarimiz\/","url":"https:\/\/birgulklinik.com\/tr\/doktorlarimiz\/","name":"Birgul Klinik Doktorlar\u0131 | T\u00fcrkiye\u2019de Uzman Di\u015f Hekimleri","isPartOf":{"@id":"https:\/\/birgulklinik.com\/tr\/#website"},"primaryImageOfPage":{"@id":"https:\/\/birgulklinik.com\/tr\/doktorlarimiz\/#primaryimage"},"image":{"@id":"https:\/\/birgulklinik.com\/tr\/doktorlarimiz\/#primaryimage"},"thumbnailUrl":"https:\/\/birgulklinik.com\/wp-content\/uploads\/2025\/09\/doctor_resized_enhanced.jpg","datePublished":"2025-06-04T13:09:08+00:00","dateModified":"2026-05-15T15:54:04+00:00","description":"\u0130stanbul\u2019da Birgul Klinik doktorlar\u0131; implant, ortodonti ve estetik di\u015f hekimli\u011fi alanlar\u0131nda uzman, hassas ve uzun \u00f6m\u00fcrl\u00fc sonu\u00e7lara odaklanan bak\u0131m sunar.","breadcrumb":{"@id":"https:\/\/birgulklinik.com\/tr\/doktorlarimiz\/#breadcrumb"},"inLanguage":"tr","potentialAction":[{"@type":"ReadAction","target":["https:\/\/birgulklinik.com\/tr\/doktorlarimiz\/"]}]},{"@type":"ImageObject","inLanguage":"tr","@id":"https:\/\/birgulklinik.com\/tr\/doktorlarimiz\/#primaryimage","url":"https:\/\/birgulklinik.com\/wp-content\/uploads\/2025\/09\/doctor_resized_enhanced.jpg","contentUrl":"https:\/\/birgulklinik.com\/wp-content\/uploads\/2025\/09\/doctor_resized_enhanced.jpg"},{"@type":"BreadcrumbList","@id":"https:\/\/birgulklinik.com\/tr\/doktorlarimiz\/#breadcrumb","itemListElement":[{"@type":"ListItem","position":1,"name":"Home","item":"https:\/\/birgulklinik.com\/tr\/birgul-dis-klinigi-istanbulda-dis-hekimi\/"},{"@type":"ListItem","position":2,"name":"Doktorlar\u0131m\u0131z"}]},{"@type":"WebSite","@id":"https:\/\/birgulklinik.com\/tr\/#website","url":"https:\/\/birgulklinik.com\/tr\/","name":"Birgul Klinik","description":"Expert Dental Care, Hair Transplant &amp; Aesthetic Treatments in Turkey","publisher":{"@id":"https:\/\/birgulklinik.com\/tr\/#organization"},"potentialAction":[{"@type":"SearchAction","target":{"@type":"EntryPoint","urlTemplate":"https:\/\/birgulklinik.com\/tr\/?s={search_term_string}"},"query-input":{"@type":"PropertyValueSpecification","valueRequired":true,"valueName":"search_term_string"}}],"inLanguage":"tr"},{"@type":"Organization","@id":"https:\/\/birgulklinik.com\/tr\/#organization","name":"Birgul Klinik","url":"https:\/\/birgulklinik.com\/tr\/","logo":{"@type":"ImageObject","inLanguage":"tr","@id":"https:\/\/birgulklinik.com\/tr\/#\/schema\/logo\/image\/","url":"https:\/\/birgulklinik.com\/wp-content\/uploads\/2026\/01\/cropped-photo_2025-09-18_16-57-40-removebg-preview-1-3.png","contentUrl":"https:\/\/birgulklinik.com\/wp-content\/uploads\/2026\/01\/cropped-photo_2025-09-18_16-57-40-removebg-preview-1-3.png","width":771,"height":324,"caption":"Birgul Klinik"},"image":{"@id":"https:\/\/birgulklinik.com\/tr\/#\/schema\/logo\/image\/"}}]}},"_links":{"self":[{"href":"https:\/\/birgulklinik.com\/tr\/wp-json\/wp\/v2\/pages\/12409","targetHints":{"allow":["GET"]}}],"collection":[{"href":"https:\/\/birgulklinik.com\/tr\/wp-json\/wp\/v2\/pages"}],"about":[{"href":"https:\/\/birgulklinik.com\/tr\/wp-json\/wp\/v2\/types\/page"}],"author":[{"embeddable":true,"href":"https:\/\/birgulklinik.com\/tr\/wp-json\/wp\/v2\/users\/1"}],"replies":[{"embeddable":true,"href":"https:\/\/birgulklinik.com\/tr\/wp-json\/wp\/v2\/comments?post=12409"}],"version-history":[{"count":4,"href":"https:\/\/birgulklinik.com\/tr\/wp-json\/wp\/v2\/pages\/12409\/revisions"}],"predecessor-version":[{"id":12540,"href":"https:\/\/birgulklinik.com\/tr\/wp-json\/wp\/v2\/pages\/12409\/revisions\/12540"}],"wp:attachment":[{"href":"https:\/\/birgulklinik.com\/tr\/wp-json\/wp\/v2\/media?parent=12409"}],"curies":[{"name":"wp","href":"https:\/\/api.w.org\/{rel}","templated":true}]}}